{"id":17,"date":"2018-11-20T16:17:44","date_gmt":"2018-11-20T18:17:44","guid":{"rendered":"https:\/\/www.gedistpecas.com.br\/site\/?page_id=17"},"modified":"2019-03-27T15:29:20","modified_gmt":"2019-03-27T18:29:20","slug":"sobre","status":"publish","type":"page","link":"https:\/\/www.gedistpecas.com.br\/site\/","title":{"rendered":"Sobre"},"content":{"rendered":"\t\t<div data-elementor-type=\"wp-post\" data-elementor-id=\"17\" class=\"elementor elementor-17\">\n\t\t\t\t\t\t<section class=\"elementor-section elementor-top-section elementor-element elementor-element-8940ac9 elementor-section-boxed elementor-section-height-default elementor-section-height-default\" data-id=\"8940ac9\" data-element_type=\"section\" data-e-type=\"section\" id=\"sobre\">\n\t\t\t\t\t\t<div class=\"elementor-container elementor-column-gap-default\">\n\t\t\t\t\t<div class=\"elementor-column elementor-col-66 elementor-top-column elementor-element elementor-element-8405a2b\" data-id=\"8405a2b\" data-element_type=\"column\" data-e-type=\"column\">\n\t\t\t<div class=\"elementor-widget-wrap elementor-element-populated\">\n\t\t\t\t\t\t<div class=\"elementor-element elementor-element-16f3e5e elementor-widget elementor-widget-heading\" data-id=\"16f3e5e\" data-element_type=\"widget\" data-e-type=\"widget\" data-widget_type=\"heading.default\">\n\t\t\t\t<div class=\"elementor-widget-container\">\n\t\t\t\t\t<h2 class=\"elementor-heading-title elementor-size-default\">GE Distribuidora de Pe\u00e7as Automotivas<\/h2>\t\t\t\t<\/div>\n\t\t\t\t<\/div>\n\t\t\t\t<div class=\"elementor-element elementor-element-bd45eca elementor-widget elementor-widget-text-editor\" data-id=\"bd45eca\" data-element_type=\"widget\" data-e-type=\"widget\" data-widget_type=\"text-editor.default\">\n\t\t\t\t<div class=\"elementor-widget-container\">\n\t\t\t\t\t\t\t\t\t<p>A Ettori &amp; Novelo Com\u00e9rcio, Importa\u00e7\u00e3o e Exporta\u00e7\u00e3o de Pe\u00e7as Ltda foi fundada no ano de 2013. Esse foi um marco de nossa funda\u00e7\u00e3o e apenas a consolida\u00e7\u00e3o de uma hist\u00f3ria que teve in\u00edcio h\u00e1 mais de 20 anos.<\/p><p>Com atua\u00e7\u00e3o forte e reconhecimento pela qualidade de nosso atendimento e servi\u00e7os, somos refer\u00eancia no mercado de distribui\u00e7\u00e3o de autope\u00e7as para Piracicaba e regi\u00e3o.<\/p>\t\t\t\t\t\t\t\t<\/div>\n\t\t\t\t<\/div>\n\t\t\t\t<div class=\"elementor-element elementor-element-f5a0f5e elementor-invisible elementor-widget elementor-widget-button\" data-id=\"f5a0f5e\" data-element_type=\"widget\" data-e-type=\"widget\" data-settings=\"{&quot;_animation&quot;:&quot;slideInUp&quot;}\" data-widget_type=\"button.default\">\n\t\t\t\t<div class=\"elementor-widget-container\">\n\t\t\t\t\t\t\t\t\t<div class=\"elementor-button-wrapper\">\n\t\t\t\t\t<a class=\"elementor-button elementor-button-link elementor-size-md\" href=\"https:\/\/www.gedistpecas.com.br\/site\/fale-conosco\">\n\t\t\t\t\t\t<span class=\"elementor-button-content-wrapper\">\n\t\t\t\t\t\t\t\t\t<span class=\"elementor-button-text\">Fale Conosco<\/span>\n\t\t\t\t\t<\/span>\n\t\t\t\t\t<\/a>\n\t\t\t\t<\/div>\n\t\t\t\t\t\t\t\t<\/div>\n\t\t\t\t<\/div>\n\t\t\t\t\t<\/div>\n\t\t<\/div>\n\t\t\t\t<div class=\"elementor-column elementor-col-33 elementor-top-column elementor-element elementor-element-5df7595\" data-id=\"5df7595\" data-element_type=\"column\" data-e-type=\"column\">\n\t\t\t<div class=\"elementor-widget-wrap elementor-element-populated\">\n\t\t\t\t\t\t<div class=\"elementor-element elementor-element-15a5731 elementor-invisible elementor-widget elementor-widget-image\" data-id=\"15a5731\" data-element_type=\"widget\" data-e-type=\"widget\" data-settings=\"{&quot;_animation&quot;:&quot;fadeInRight&quot;}\" data-widget_type=\"image.default\">\n\t\t\t\t<div class=\"elementor-widget-container\">\n\t\t\t\t\t\t\t\t\t\t\t\t\t\t\t<img fetchpriority=\"high\" decoding=\"async\" width=\"652\" height=\"367\" src=\"https:\/\/www.gedistpecas.com.br\/site\/wp-content\/uploads\/2019\/02\/distribuidora.jpg\" class=\"attachment-full size-full wp-image-1596\" alt=\"\" \/>\t\t\t\t\t\t\t\t\t\t\t\t\t\t\t<\/div>\n\t\t\t\t<\/div>\n\t\t\t\t\t<\/div>\n\t\t<\/div>\n\t\t\t\t\t<\/div>\n\t\t<\/section>\n\t\t\t\t<section class=\"elementor-section elementor-top-section elementor-element elementor-element-17a8ffd elementor-section-boxed elementor-section-height-default elementor-section-height-default\" data-id=\"17a8ffd\" data-element_type=\"section\" data-e-type=\"section\" id=\"sobre-mvv\" data-settings=\"{&quot;background_background&quot;:&quot;classic&quot;}\">\n\t\t\t\t\t\t<div class=\"elementor-container elementor-column-gap-default\">\n\t\t\t\t\t<div class=\"elementor-column elementor-col-33 elementor-top-column elementor-element elementor-element-55b26d2\" data-id=\"55b26d2\" data-element_type=\"column\" data-e-type=\"column\" data-settings=\"{&quot;background_background&quot;:&quot;classic&quot;}\">\n\t\t\t<div class=\"elementor-widget-wrap elementor-element-populated\">\n\t\t\t\t\t\t<div class=\"elementor-element elementor-element-31b47b4 elementor-widget elementor-widget-heading\" data-id=\"31b47b4\" data-element_type=\"widget\" data-e-type=\"widget\" data-widget_type=\"heading.default\">\n\t\t\t\t<div class=\"elementor-widget-container\">\n\t\t\t\t\t<h2 class=\"elementor-heading-title elementor-size-default\">Miss\u00e3o<\/h2>\t\t\t\t<\/div>\n\t\t\t\t<\/div>\n\t\t\t\t<div class=\"elementor-element elementor-element-8387fc8 elementor-widget elementor-widget-text-editor\" data-id=\"8387fc8\" data-element_type=\"widget\" data-e-type=\"widget\" data-widget_type=\"text-editor.default\">\n\t\t\t\t<div class=\"elementor-widget-container\">\n\t\t\t\t\t\t\t\t\t<p>Proporcionar qualidade e satisfa\u00e7\u00e3o aos nossos clientes do setor automotivo, atrav\u00e9s de nosso atendimento com nossa equipe treinada e capacitada, sempre buscando a excel\u00eancia.<\/p>\t\t\t\t\t\t\t\t<\/div>\n\t\t\t\t<\/div>\n\t\t\t\t\t<\/div>\n\t\t<\/div>\n\t\t\t\t<div class=\"elementor-column elementor-col-33 elementor-top-column elementor-element elementor-element-c81ddc3\" data-id=\"c81ddc3\" data-element_type=\"column\" data-e-type=\"column\" data-settings=\"{&quot;background_background&quot;:&quot;classic&quot;}\">\n\t\t\t<div class=\"elementor-widget-wrap elementor-element-populated\">\n\t\t\t\t\t\t<div class=\"elementor-element elementor-element-06e0302 elementor-widget elementor-widget-heading\" data-id=\"06e0302\" data-element_type=\"widget\" data-e-type=\"widget\" data-widget_type=\"heading.default\">\n\t\t\t\t<div class=\"elementor-widget-container\">\n\t\t\t\t\t<h2 class=\"elementor-heading-title elementor-size-default\">Vis\u00e3o<\/h2>\t\t\t\t<\/div>\n\t\t\t\t<\/div>\n\t\t\t\t<div class=\"elementor-element elementor-element-072a528 elementor-widget elementor-widget-text-editor\" data-id=\"072a528\" data-element_type=\"widget\" data-e-type=\"widget\" data-widget_type=\"text-editor.default\">\n\t\t\t\t<div class=\"elementor-widget-container\">\n\t\t\t\t\t\t\t\t\t<p>Ser referencia no mercado de autope\u00e7as, sempre aprimorando e melhorando cada vez mais nosso atendimento, e superar a expetativa de nossos clientes, atrav\u00e9s de produtos da melhor qualidade a pre\u00e7os compat\u00edveis com o do mercado e reponsabilidade social.<\/p>\t\t\t\t\t\t\t\t<\/div>\n\t\t\t\t<\/div>\n\t\t\t\t\t<\/div>\n\t\t<\/div>\n\t\t\t\t<div class=\"elementor-column elementor-col-33 elementor-top-column elementor-element elementor-element-e93433a\" data-id=\"e93433a\" data-element_type=\"column\" data-e-type=\"column\" data-settings=\"{&quot;background_background&quot;:&quot;classic&quot;}\">\n\t\t\t<div class=\"elementor-widget-wrap elementor-element-populated\">\n\t\t\t\t\t\t<div class=\"elementor-element elementor-element-259eb7d elementor-widget elementor-widget-heading\" data-id=\"259eb7d\" data-element_type=\"widget\" data-e-type=\"widget\" data-widget_type=\"heading.default\">\n\t\t\t\t<div class=\"elementor-widget-container\">\n\t\t\t\t\t<h2 class=\"elementor-heading-title elementor-size-default\">Valores<\/h2>\t\t\t\t<\/div>\n\t\t\t\t<\/div>\n\t\t\t\t<div class=\"elementor-element elementor-element-e726474 elementor-widget elementor-widget-text-editor\" data-id=\"e726474\" data-element_type=\"widget\" data-e-type=\"widget\" data-widget_type=\"text-editor.default\">\n\t\t\t\t<div class=\"elementor-widget-container\">\n\t\t\t\t\t\t\t\t\t<p>Trabalhar com transpar\u00eancia e \u00e9tica para com nossos clientes, fornecedores. Gerar empregos, garantir a satisfa\u00e7\u00e3o continua de nossos colaboradores e garantir a seriedade e compet\u00eancia de nosso trabalho.<\/p>\t\t\t\t\t\t\t\t<\/div>\n\t\t\t\t<\/div>\n\t\t\t\t\t<\/div>\n\t\t<\/div>\n\t\t\t\t\t<\/div>\n\t\t<\/section>\n\t\t\t\t<\/div>\n\t\t","protected":false},"excerpt":{"rendered":"<p>GE Distribuidora de Pe\u00e7as Automotivas A Ettori &amp; Novelo Com\u00e9rcio, Importa\u00e7\u00e3o e Exporta\u00e7\u00e3o de Pe\u00e7as Ltda foi fundada no ano de 2013. Esse foi um marco de nossa funda\u00e7\u00e3o e apenas a consolida\u00e7\u00e3o de uma hist\u00f3ria que teve in\u00edcio h\u00e1 mais de 20 anos. Com atua\u00e7\u00e3o forte e reconhecimento pela qualidade de nosso atendimento e [&hellip;]<\/p>\n","protected":false},"author":1,"featured_media":0,"parent":0,"menu_order":0,"comment_status":"closed","ping_status":"closed","template":"page-home-temp.php","meta":{"_acf_changed":false,"footnotes":""},"class_list":["post-17","page","type-page","status-publish","hentry"],"acf":[],"yoast_head":"<!-- This site is optimized with the Yoast SEO plugin v27.4 - https:\/\/yoast.com\/product\/yoast-seo-wordpress\/ -->\n<title>GE Distribuidora de Pe\u00e7as Automotivas - Piracicaba - S\u00e3o Paulo<\/title>\n<meta name=\"description\" content=\"Com atua\u00e7\u00e3o forte e reconhecimento pela qualidade de nosso atendimento e servi\u00e7os, somos refer\u00eancia no mercado de distribui\u00e7\u00e3o de autope\u00e7as.\" \/>\n<meta name=\"robots\" content=\"index, follow, max-snippet:-1, max-image-preview:large, max-video-preview:-1\" \/>\n<link rel=\"canonical\" href=\"https:\/\/www.gedistpecas.com.br\/site\/\" \/>\n<meta property=\"og:locale\" content=\"pt_BR\" \/>\n<meta property=\"og:type\" content=\"article\" \/>\n<meta property=\"og:title\" content=\"GE Distribuidora de Pe\u00e7as Automotivas - Piracicaba - S\u00e3o Paulo\" \/>\n<meta property=\"og:description\" content=\"Com atua\u00e7\u00e3o forte e reconhecimento pela qualidade de nosso atendimento e servi\u00e7os, somos refer\u00eancia no mercado de distribui\u00e7\u00e3o de autope\u00e7as.\" \/>\n<meta property=\"og:url\" content=\"https:\/\/www.gedistpecas.com.br\/site\/\" \/>\n<meta property=\"og:site_name\" content=\"GE\" \/>\n<meta property=\"article:modified_time\" content=\"2019-03-27T18:29:20+00:00\" \/>\n<meta property=\"og:image\" content=\"http:\/\/www.gedistpecas.com.br\/site\/wp-content\/uploads\/2019\/02\/distribuidora.jpg\" \/>\n<meta name=\"twitter:card\" content=\"summary_large_image\" \/>\n<meta name=\"twitter:label1\" content=\"Est. tempo de leitura\" \/>\n\t<meta name=\"twitter:data1\" content=\"1 minuto\" \/>\n<script type=\"application\/ld+json\" class=\"yoast-schema-graph\">{\"@context\":\"https:\\\/\\\/schema.org\",\"@graph\":[{\"@type\":\"WebPage\",\"@id\":\"https:\\\/\\\/www.gedistpecas.com.br\\\/site\\\/\",\"url\":\"https:\\\/\\\/www.gedistpecas.com.br\\\/site\\\/\",\"name\":\"GE Distribuidora de Pe\u00e7as Automotivas - Piracicaba - S\u00e3o Paulo\",\"isPartOf\":{\"@id\":\"https:\\\/\\\/www.gedistpecas.com.br\\\/site\\\/#website\"},\"primaryImageOfPage\":{\"@id\":\"https:\\\/\\\/www.gedistpecas.com.br\\\/site\\\/#primaryimage\"},\"image\":{\"@id\":\"https:\\\/\\\/www.gedistpecas.com.br\\\/site\\\/#primaryimage\"},\"thumbnailUrl\":\"http:\\\/\\\/www.gedistpecas.com.br\\\/site\\\/wp-content\\\/uploads\\\/2019\\\/02\\\/distribuidora.jpg\",\"datePublished\":\"2018-11-20T18:17:44+00:00\",\"dateModified\":\"2019-03-27T18:29:20+00:00\",\"description\":\"Com atua\u00e7\u00e3o forte e reconhecimento pela qualidade de nosso atendimento e servi\u00e7os, somos refer\u00eancia no mercado de distribui\u00e7\u00e3o de autope\u00e7as.\",\"breadcrumb\":{\"@id\":\"https:\\\/\\\/www.gedistpecas.com.br\\\/site\\\/#breadcrumb\"},\"inLanguage\":\"pt-BR\",\"potentialAction\":[{\"@type\":\"ReadAction\",\"target\":[\"https:\\\/\\\/www.gedistpecas.com.br\\\/site\\\/\"]}]},{\"@type\":\"ImageObject\",\"inLanguage\":\"pt-BR\",\"@id\":\"https:\\\/\\\/www.gedistpecas.com.br\\\/site\\\/#primaryimage\",\"url\":\"http:\\\/\\\/www.gedistpecas.com.br\\\/site\\\/wp-content\\\/uploads\\\/2019\\\/02\\\/distribuidora.jpg\",\"contentUrl\":\"http:\\\/\\\/www.gedistpecas.com.br\\\/site\\\/wp-content\\\/uploads\\\/2019\\\/02\\\/distribuidora.jpg\"},{\"@type\":\"BreadcrumbList\",\"@id\":\"https:\\\/\\\/www.gedistpecas.com.br\\\/site\\\/#breadcrumb\",\"itemListElement\":[{\"@type\":\"ListItem\",\"position\":1,\"name\":\"In\u00edcio\",\"item\":\"https:\\\/\\\/www.gedistpecas.com.br\\\/site\\\/\"},{\"@type\":\"ListItem\",\"position\":2,\"name\":\"Sobre\"}]},{\"@type\":\"WebSite\",\"@id\":\"https:\\\/\\\/www.gedistpecas.com.br\\\/site\\\/#website\",\"url\":\"https:\\\/\\\/www.gedistpecas.com.br\\\/site\\\/\",\"name\":\"GE\",\"description\":\"Distribuidora de auto pe\u00e7as\",\"potentialAction\":[{\"@type\":\"SearchAction\",\"target\":{\"@type\":\"EntryPoint\",\"urlTemplate\":\"https:\\\/\\\/www.gedistpecas.com.br\\\/site\\\/?s={search_term_string}\"},\"query-input\":{\"@type\":\"PropertyValueSpecification\",\"valueRequired\":true,\"valueName\":\"search_term_string\"}}],\"inLanguage\":\"pt-BR\"}]}<\/script>\n<!-- \/ Yoast SEO plugin. -->","yoast_head_json":{"title":"GE Distribuidora de Pe\u00e7as Automotivas - Piracicaba - S\u00e3o Paulo","description":"Com atua\u00e7\u00e3o forte e reconhecimento pela qualidade de nosso atendimento e servi\u00e7os, somos refer\u00eancia no mercado de distribui\u00e7\u00e3o de autope\u00e7as.","robots":{"index":"index","follow":"follow","max-snippet":"max-snippet:-1","max-image-preview":"max-image-preview:large","max-video-preview":"max-video-preview:-1"},"canonical":"https:\/\/www.gedistpecas.com.br\/site\/","og_locale":"pt_BR","og_type":"article","og_title":"GE Distribuidora de Pe\u00e7as Automotivas - Piracicaba - S\u00e3o Paulo","og_description":"Com atua\u00e7\u00e3o forte e reconhecimento pela qualidade de nosso atendimento e servi\u00e7os, somos refer\u00eancia no mercado de distribui\u00e7\u00e3o de autope\u00e7as.","og_url":"https:\/\/www.gedistpecas.com.br\/site\/","og_site_name":"GE","article_modified_time":"2019-03-27T18:29:20+00:00","og_image":[{"url":"http:\/\/www.gedistpecas.com.br\/site\/wp-content\/uploads\/2019\/02\/distribuidora.jpg","type":"","width":"","height":""}],"twitter_card":"summary_large_image","twitter_misc":{"Est. tempo de leitura":"1 minuto"},"schema":{"@context":"https:\/\/schema.org","@graph":[{"@type":"WebPage","@id":"https:\/\/www.gedistpecas.com.br\/site\/","url":"https:\/\/www.gedistpecas.com.br\/site\/","name":"GE Distribuidora de Pe\u00e7as Automotivas - Piracicaba - S\u00e3o Paulo","isPartOf":{"@id":"https:\/\/www.gedistpecas.com.br\/site\/#website"},"primaryImageOfPage":{"@id":"https:\/\/www.gedistpecas.com.br\/site\/#primaryimage"},"image":{"@id":"https:\/\/www.gedistpecas.com.br\/site\/#primaryimage"},"thumbnailUrl":"http:\/\/www.gedistpecas.com.br\/site\/wp-content\/uploads\/2019\/02\/distribuidora.jpg","datePublished":"2018-11-20T18:17:44+00:00","dateModified":"2019-03-27T18:29:20+00:00","description":"Com atua\u00e7\u00e3o forte e reconhecimento pela qualidade de nosso atendimento e servi\u00e7os, somos refer\u00eancia no mercado de distribui\u00e7\u00e3o de autope\u00e7as.","breadcrumb":{"@id":"https:\/\/www.gedistpecas.com.br\/site\/#breadcrumb"},"inLanguage":"pt-BR","potentialAction":[{"@type":"ReadAction","target":["https:\/\/www.gedistpecas.com.br\/site\/"]}]},{"@type":"ImageObject","inLanguage":"pt-BR","@id":"https:\/\/www.gedistpecas.com.br\/site\/#primaryimage","url":"http:\/\/www.gedistpecas.com.br\/site\/wp-content\/uploads\/2019\/02\/distribuidora.jpg","contentUrl":"http:\/\/www.gedistpecas.com.br\/site\/wp-content\/uploads\/2019\/02\/distribuidora.jpg"},{"@type":"BreadcrumbList","@id":"https:\/\/www.gedistpecas.com.br\/site\/#breadcrumb","itemListElement":[{"@type":"ListItem","position":1,"name":"In\u00edcio","item":"https:\/\/www.gedistpecas.com.br\/site\/"},{"@type":"ListItem","position":2,"name":"Sobre"}]},{"@type":"WebSite","@id":"https:\/\/www.gedistpecas.com.br\/site\/#website","url":"https:\/\/www.gedistpecas.com.br\/site\/","name":"GE","description":"Distribuidora de auto pe\u00e7as","potentialAction":[{"@type":"SearchAction","target":{"@type":"EntryPoint","urlTemplate":"https:\/\/www.gedistpecas.com.br\/site\/?s={search_term_string}"},"query-input":{"@type":"PropertyValueSpecification","valueRequired":true,"valueName":"search_term_string"}}],"inLanguage":"pt-BR"}]}},"_links":{"self":[{"href":"https:\/\/www.gedistpecas.com.br\/site\/wp-json\/wp\/v2\/pages\/17","targetHints":{"allow":["GET"]}}],"collection":[{"href":"https:\/\/www.gedistpecas.com.br\/site\/wp-json\/wp\/v2\/pages"}],"about":[{"href":"https:\/\/www.gedistpecas.com.br\/site\/wp-json\/wp\/v2\/types\/page"}],"author":[{"embeddable":true,"href":"https:\/\/www.gedistpecas.com.br\/site\/wp-json\/wp\/v2\/users\/1"}],"replies":[{"embeddable":true,"href":"https:\/\/www.gedistpecas.com.br\/site\/wp-json\/wp\/v2\/comments?post=17"}],"version-history":[{"count":26,"href":"https:\/\/www.gedistpecas.com.br\/site\/wp-json\/wp\/v2\/pages\/17\/revisions"}],"predecessor-version":[{"id":1638,"href":"https:\/\/www.gedistpecas.com.br\/site\/wp-json\/wp\/v2\/pages\/17\/revisions\/1638"}],"wp:attachment":[{"href":"https:\/\/www.gedistpecas.com.br\/site\/wp-json\/wp\/v2\/media?parent=17"}],"curies":[{"name":"wp","href":"https:\/\/api.w.org\/{rel}","templated":true}]}}